{"id":308,"date":"2022-02-14T22:23:11","date_gmt":"2022-02-15T01:23:11","guid":{"rendered":"https:\/\/salutcaptions.com\/?page_id=308"},"modified":"2025-03-12T14:03:45","modified_gmt":"2025-03-12T17:03:45","slug":"contato","status":"publish","type":"page","link":"https:\/\/salutcaptions.com\/en\/contato\/","title":{"rendered":"Contact"},"content":{"rendered":"<div data-elementor-type=\"wp-page\" data-elementor-id=\"308\" class=\"elementor elementor-308\">\n\t\t\t\t\t\t<section class=\"elementor-section elementor-top-section elementor-element elementor-element-52a2a82 elementor-section-boxed elementor-section-height-default elementor-section-height-default\" data-id=\"52a2a82\" data-element_type=\"section\" data-settings=\"{&quot;background_background&quot;:&quot;classic&quot;}\">\n\t\t\t\t\t\t<div class=\"elementor-container elementor-column-gap-default\">\n\t\t\t\t\t<div class=\"elementor-column elementor-col-100 elementor-top-column elementor-element elementor-element-c542960\" data-id=\"c542960\" data-element_type=\"column\">\n\t\t\t<div class=\"elementor-widget-wrap elementor-element-populated\">\n\t\t\t\t\t\t<div class=\"elementor-element elementor-element-b50c582 elementor-widget elementor-widget-heading\" data-id=\"b50c582\" data-element_type=\"widget\" data-widget_type=\"heading.default\">\n\t\t\t\t<div class=\"elementor-widget-container\">\n\t\t\t\t\t<h2 class=\"elementor-heading-title elementor-size-default\">Contact us<\/h2>\t\t\t\t<\/div>\n\t\t\t\t<\/div>\n\t\t\t\t<div class=\"elementor-element elementor-element-c9bc5fc elementor-widget elementor-widget-text-editor\" data-id=\"c9bc5fc\" data-element_type=\"widget\" data-widget_type=\"text-editor.default\">\n\t\t\t\t<div class=\"elementor-widget-container translation-block\">Bring your project to us and we'll turn your ideas into reality with care,<br>attention and a human touch \u2013 join our community of satisfied customers today!<\/div>\n\t\t\t\t<\/div>\n\t\t\t\t<div class=\"elementor-element elementor-element-3c09100 elementor-widget__width-initial elementor-widget-mobile__width-inherit elementor-widget elementor-widget-shortcode\" data-id=\"3c09100\" data-element_type=\"widget\" data-widget_type=\"shortcode.default\">\n\t\t\t\t<div class=\"elementor-widget-container\">\n\t\t\t\t\t\t\t<div class=\"elementor-shortcode\">\n<div class=\"wpcf7 no-js\" id=\"wpcf7-f376-o1\" lang=\"pt-BR\" dir=\"ltr\" data-wpcf7-id=\"376\">\n<div class=\"screen-reader-response\"><p role=\"status\" aria-live=\"polite\" aria-atomic=\"true\"><\/p> <ul><\/ul><\/div>\n<form action=\"\/en\/wp-json\/wp\/v2\/pages\/308#wpcf7-f376-o1\" method=\"post\" class=\"wpcf7-form init\" aria-label=\"Formul\u00e1rios de contato\" novalidate=\"novalidate\" data-status=\"init\" data-trp-original-action=\"\/en\/wp-json\/wp\/v2\/pages\/308#wpcf7-f376-o1\">\n<fieldset class=\"hidden-fields-container\"><input type=\"hidden\" name=\"_wpcf7\" value=\"376\" \/><input type=\"hidden\" name=\"_wpcf7_version\" value=\"6.1.5\" \/><input type=\"hidden\" name=\"_wpcf7_locale\" value=\"pt_BR\" \/><input type=\"hidden\" name=\"_wpcf7_unit_tag\" value=\"wpcf7-f376-o1\" \/><input type=\"hidden\" name=\"_wpcf7_container_post\" value=\"0\" \/><input type=\"hidden\" name=\"_wpcf7_posted_data_hash\" value=\"\" \/><input type=\"hidden\" name=\"_wpcf7_recaptcha_response\" value=\"\" \/>\n<\/fieldset>\n<div class=\"form-salut\">\n\t<div class=\"form-control\">\n\t\t<p><label>Nome*<\/label><br \/>\n<span class=\"wpcf7-form-control-wrap\" data-name=\"nome\"><input size=\"40\" maxlength=\"400\" class=\"wpcf7-form-control wpcf7-text wpcf7-validates-as-required\" aria-required=\"true\" aria-invalid=\"false\" placeholder=\"Your name\" value=\"\" type=\"text\" name=\"nome\" \/><\/span>\n\t\t<\/p>\n\t<\/div>\n\t<div class=\"form-control\">\n\t\t<p><label>Telefone*<\/label><br \/>\n<span class=\"wpcf7-form-control-wrap\" data-name=\"telefone\"><input size=\"40\" maxlength=\"400\" class=\"wpcf7-form-control wpcf7-text wpcf7-validates-as-required\" aria-required=\"true\" aria-invalid=\"false\" placeholder=\"Your phone number\" value=\"\" type=\"text\" name=\"telefone\" \/><\/span>\n\t\t<\/p>\n\t<\/div>\n<\/div>\n<div class=\"form-salut\">\n\t<div class=\"form-control\">\n\t\t<p><label>E-mail*<\/label><br \/>\n<span class=\"wpcf7-form-control-wrap\" data-name=\"email\"><input size=\"40\" maxlength=\"400\" class=\"wpcf7-form-control wpcf7-email wpcf7-validates-as-required wpcf7-text wpcf7-validates-as-email\" aria-required=\"true\" aria-invalid=\"false\" placeholder=\"Your e-mail\" value=\"\" type=\"email\" name=\"email\" \/><\/span>\n\t\t<\/p>\n\t<\/div>\n\t<div class=\"form-control\">\n\t\t<p><label>Subject<\/label><br \/>\n<span class=\"wpcf7-form-control-wrap\" data-name=\"motivo-contato\"><input size=\"40\" maxlength=\"400\" class=\"wpcf7-form-control wpcf7-text\" aria-invalid=\"false\" placeholder=\"Type the subject here\" value=\"\" type=\"text\" name=\"motivo-contato\" \/><\/span>\n\t\t<\/p>\n\t<\/div>\n<\/div>\n<div class=\"form-control form-fullwidth\">\n\t<p><label>Servi\u00e7o*<\/label><br \/>\n<span class=\"wpcf7-form-control-wrap\" data-name=\"servico\"><select class=\"wpcf7-form-control wpcf7-select wpcf7-validates-as-required\" aria-required=\"true\" aria-invalid=\"false\" name=\"servico\"><option value=\"\">Selecione<\/option><option value=\"Legendagem\">Subtitles and Captions<\/option><option value=\"Closed Caption\">Closed Caption<\/option><option value=\"Libras\">Libras<\/option><option value=\"Audiodescri\u00e7\u00e3o\">Audiodescri\u00e7\u00e3o<\/option><option value=\"Dublagem\">Dublagem<\/option><option value=\"Outros\">Others<\/option><\/select><\/span>\n\t<\/p>\n<\/div>\n<p><label>Message<\/label><br \/>\n<span class=\"wpcf7-form-control-wrap\" data-name=\"mensagem\"><textarea cols=\"40\" rows=\"10\" maxlength=\"2000\" class=\"wpcf7-form-control wpcf7-textarea wpcf7-validates-as-required\" aria-required=\"true\" aria-invalid=\"false\" placeholder=\"Type your message here\" name=\"mensagem\"><\/textarea><\/span>\n<\/p>\n<p><input class=\"wpcf7-form-control wpcf7-submit has-spinner\" type=\"submit\" value=\"Send message\" \/>\n<\/p><div class=\"wpcf7-response-output\" aria-hidden=\"true\"><\/div>\n<input type=\"hidden\" name=\"trp-form-language\" value=\"en\"\/><\/form>\n<\/div>\n<\/div>\n\t\t\t\t\t\t<\/div>\n\t\t\t\t<\/div>\n\t\t\t\t\t<\/div>\n\t\t<\/div>\n\t\t\t\t\t<\/div>\n\t\t<\/section>\n\t\t\t\t<section class=\"elementor-section elementor-top-section elementor-element elementor-element-d0f4302 elementor-section-boxed elementor-section-height-default elementor-section-height-default\" data-id=\"d0f4302\" data-element_type=\"section\" data-settings=\"{&quot;background_background&quot;:&quot;classic&quot;}\">\n\t\t\t\t\t\t<div class=\"elementor-container elementor-column-gap-default\">\n\t\t\t\t\t<div class=\"elementor-column elementor-col-100 elementor-top-column elementor-element elementor-element-505b4df\" data-id=\"505b4df\" data-element_type=\"column\">\n\t\t\t<div class=\"elementor-widget-wrap elementor-element-populated\">\n\t\t\t\t\t\t<div class=\"elementor-element elementor-element-dac3f4b elementor-widget elementor-widget-heading\" data-id=\"dac3f4b\" data-element_type=\"widget\" data-widget_type=\"heading.default\">\n\t\t\t\t<div class=\"elementor-widget-container\">\n\t\t\t\t\t<h2 class=\"elementor-heading-title elementor-size-default\">Contact us via our WhatsApp<\/h2>\t\t\t\t<\/div>\n\t\t\t\t<\/div>\n\t\t\t\t<div class=\"elementor-element elementor-element-2058f35 elementor-align-center elementor-widget elementor-widget-button\" data-id=\"2058f35\" data-element_type=\"widget\" data-widget_type=\"button.default\">\n\t\t\t\t<div class=\"elementor-widget-container\">\n\t\t\t\t\t\t\t\t\t<div class=\"elementor-button-wrapper\">\n\t\t\t\t\t<a class=\"elementor-button elementor-button-link elementor-size-sm\" href=\"https:\/\/api.whatsapp.com\/send?phone=5548999825578&#038;text=Ol%C3%A1!%20Gostaria%20de%20conhecer%20as%20solu%C3%A7%C3%B5es%20da%20Salut%20Captions.\">\n\t\t\t\t\t\t<span class=\"elementor-button-content-wrapper\">\n\t\t\t\t\t\t<span class=\"elementor-button-icon\">\n\t\t\t\t<svg xmlns=\"http:\/\/www.w3.org\/2000\/svg\" width=\"28\" height=\"16\" viewbox=\"0 0 28 16\"><path id=\"Arrow_Stroke_\" data-name=\"Arrow (Stroke)\" d=\"M28,8l-7.872,8-1.444-1.468L24.09,9.038H0V6.962H24.09L18.684,1.468,20.128,0Z\" fill=\"#1b1a1d\"><\/path><\/svg>\t\t\t<\/span>\n\t\t\t\t\t\t\t\t\t<span class=\"elementor-button-text\">Get in touch<\/span>\n\t\t\t\t\t<\/span>\n\t\t\t\t\t<\/a>\n\t\t\t\t<\/div>\n\t\t\t\t\t\t\t\t<\/div>\n\t\t\t\t<\/div>\n\t\t\t\t\t<\/div>\n\t\t<\/div>\n\t\t\t\t\t<\/div>\n\t\t<\/section>\n\t\t\t\t<\/div>","protected":false},"excerpt":{"rendered":"<p>Entre em contato Traga seus projetos at\u00e9 n\u00f3s e transformaremos suas ideias em realidade com carinho,aten\u00e7\u00e3o e um toque humanizado \u2013 junte-se \u00e0 nossa comunidade de clientes satisfeitos hoje mesmo! Entre em contato via nosso WhatsApp Entrar em contato<\/p>","protected":false},"author":1,"featured_media":0,"parent":0,"menu_order":0,"comment_status":"closed","ping_status":"closed","template":"","meta":{"inline_featured_image":false,"_uf_show_specific_survey":0,"_uf_disable_surveys":false,"footnotes":""},"class_list":["post-308","page","type-page","status-publish","hentry"],"yoast_head":"<!-- This site is optimized with the Yoast SEO plugin v27.4 - https:\/\/yoast.com\/product\/yoast-seo-wordpress\/ -->\n<title>Legendagem e acessibilidade audiovisual<\/title>\n<meta name=\"description\" content=\"Entre em contato conosco e solicite seu or\u00e7amento para projetos de legendagem e acessibilidade.\" \/>\n<meta name=\"robots\" content=\"noindex, follow\" \/>\n<meta property=\"og:locale\" content=\"en_US\" \/>\n<meta property=\"og:type\" content=\"article\" \/>\n<meta property=\"og:title\" content=\"Legendagem e acessibilidade audiovisual\" \/>\n<meta property=\"og:description\" content=\"Entre em contato conosco e solicite seu or\u00e7amento para projetos de legendagem e acessibilidade.\" \/>\n<meta property=\"og:url\" content=\"https:\/\/salutcaptions.com\/en\/pt_br\/contato\/\" \/>\n<meta property=\"og:site_name\" content=\"Salut Captions\" \/>\n<meta property=\"article:modified_time\" content=\"2025-03-12T17:03:45+00:00\" \/>\n<meta name=\"twitter:card\" content=\"summary_large_image\" \/>\n<meta name=\"twitter:label1\" content=\"Est. reading time\" \/>\n\t<meta name=\"twitter:data1\" content=\"1 minute\" \/>\n<script type=\"application\/ld+json\" class=\"yoast-schema-graph\">{\"@context\":\"https:\\\/\\\/schema.org\",\"@graph\":[{\"@type\":\"WebPage\",\"@id\":\"https:\\\/\\\/salutcaptions.com\\\/pt_br\\\/contato\\\/\",\"url\":\"https:\\\/\\\/salutcaptions.com\\\/pt_br\\\/contato\\\/\",\"name\":\"Legendagem e acessibilidade audiovisual\",\"isPartOf\":{\"@id\":\"https:\\\/\\\/salutcaptions.com\\\/#website\"},\"datePublished\":\"2022-02-15T01:23:11+00:00\",\"dateModified\":\"2025-03-12T17:03:45+00:00\",\"description\":\"Entre em contato conosco e solicite seu or\u00e7amento para projetos de legendagem e acessibilidade.\",\"breadcrumb\":{\"@id\":\"https:\\\/\\\/salutcaptions.com\\\/pt_br\\\/contato\\\/#breadcrumb\"},\"inLanguage\":\"en-US\",\"potentialAction\":[{\"@type\":\"ReadAction\",\"target\":[\"https:\\\/\\\/salutcaptions.com\\\/pt_br\\\/contato\\\/\"]}]},{\"@type\":\"BreadcrumbList\",\"@id\":\"https:\\\/\\\/salutcaptions.com\\\/pt_br\\\/contato\\\/#breadcrumb\",\"itemListElement\":[{\"@type\":\"ListItem\",\"position\":1,\"name\":\"In\u00edcio\",\"item\":\"https:\\\/\\\/salutcaptions.com\\\/pt_br\\\/\"},{\"@type\":\"ListItem\",\"position\":2,\"name\":\"Contato\"}]},{\"@type\":\"WebSite\",\"@id\":\"https:\\\/\\\/salutcaptions.com\\\/#website\",\"url\":\"https:\\\/\\\/salutcaptions.com\\\/\",\"name\":\"Salut Captions\",\"description\":\"Legendagem e acessibilidade audiovisual\",\"potentialAction\":[{\"@type\":\"SearchAction\",\"target\":{\"@type\":\"EntryPoint\",\"urlTemplate\":\"https:\\\/\\\/salutcaptions.com\\\/?s={search_term_string}\"},\"query-input\":{\"@type\":\"PropertyValueSpecification\",\"valueRequired\":true,\"valueName\":\"search_term_string\"}}],\"inLanguage\":\"en-US\"}]}<\/script>\n<!-- \/ Yoast SEO plugin. -->","yoast_head_json":{"title":"Legendagem e acessibilidade audiovisual","description":"Entre em contato conosco e solicite seu or\u00e7amento para projetos de legendagem e acessibilidade.","robots":{"index":"noindex","follow":"follow"},"og_locale":"en_US","og_type":"article","og_title":"Legendagem e acessibilidade audiovisual","og_description":"Entre em contato conosco e solicite seu or\u00e7amento para projetos de legendagem e acessibilidade.","og_url":"https:\/\/salutcaptions.com\/en\/pt_br\/contato\/","og_site_name":"Salut Captions","article_modified_time":"2025-03-12T17:03:45+00:00","twitter_card":"summary_large_image","twitter_misc":{"Est. reading time":"1 minute"},"schema":{"@context":"https:\/\/schema.org","@graph":[{"@type":"WebPage","@id":"https:\/\/salutcaptions.com\/pt_br\/contato\/","url":"https:\/\/salutcaptions.com\/pt_br\/contato\/","name":"Legendagem e acessibilidade audiovisual","isPartOf":{"@id":"https:\/\/salutcaptions.com\/#website"},"datePublished":"2022-02-15T01:23:11+00:00","dateModified":"2025-03-12T17:03:45+00:00","description":"Entre em contato conosco e solicite seu or\u00e7amento para projetos de legendagem e acessibilidade.","breadcrumb":{"@id":"https:\/\/salutcaptions.com\/pt_br\/contato\/#breadcrumb"},"inLanguage":"en-US","potentialAction":[{"@type":"ReadAction","target":["https:\/\/salutcaptions.com\/pt_br\/contato\/"]}]},{"@type":"BreadcrumbList","@id":"https:\/\/salutcaptions.com\/pt_br\/contato\/#breadcrumb","itemListElement":[{"@type":"ListItem","position":1,"name":"In\u00edcio","item":"https:\/\/salutcaptions.com\/pt_br\/"},{"@type":"ListItem","position":2,"name":"Contato"}]},{"@type":"WebSite","@id":"https:\/\/salutcaptions.com\/#website","url":"https:\/\/salutcaptions.com\/","name":"Salut Captions","description":"Legendagem e acessibilidade audiovisual","potentialAction":[{"@type":"SearchAction","target":{"@type":"EntryPoint","urlTemplate":"https:\/\/salutcaptions.com\/?s={search_term_string}"},"query-input":{"@type":"PropertyValueSpecification","valueRequired":true,"valueName":"search_term_string"}}],"inLanguage":"en-US"}]}},"_links":{"self":[{"href":"https:\/\/salutcaptions.com\/en\/wp-json\/wp\/v2\/pages\/308","targetHints":{"allow":["GET"]}}],"collection":[{"href":"https:\/\/salutcaptions.com\/en\/wp-json\/wp\/v2\/pages"}],"about":[{"href":"https:\/\/salutcaptions.com\/en\/wp-json\/wp\/v2\/types\/page"}],"author":[{"embeddable":true,"href":"https:\/\/salutcaptions.com\/en\/wp-json\/wp\/v2\/users\/1"}],"replies":[{"embeddable":true,"href":"https:\/\/salutcaptions.com\/en\/wp-json\/wp\/v2\/comments?post=308"}],"version-history":[{"count":0,"href":"https:\/\/salutcaptions.com\/en\/wp-json\/wp\/v2\/pages\/308\/revisions"}],"wp:attachment":[{"href":"https:\/\/salutcaptions.com\/en\/wp-json\/wp\/v2\/media?parent=308"}],"curies":[{"name":"wp","href":"https:\/\/api.w.org\/{rel}","templated":true}]}}